{"id":605,"date":"2025-10-06T07:43:11","date_gmt":"2025-10-06T07:43:11","guid":{"rendered":"https:\/\/www.dmy.info\/en\/?page_id=605"},"modified":"2025-10-06T07:43:12","modified_gmt":"2025-10-06T07:43:12","slug":"about-dmy","status":"publish","type":"page","link":"https:\/\/www.dmy.info\/en\/about-dmy\/","title":{"rendered":"About dmy"},"content":{"rendered":"<p>Do\u011fuhan Murat Y\u00fccel, student and teacher. A life dedicated to understanding and explaining.<\/p>\n<h3 style=\"text-align: left;\"><a href=\"http:\/\/www.dmy.info\/wp-content\/uploads\/2013\/07\/dmg-gunes-logo2.jpg\"><img decoding=\"async\"  class=\"wp-image-8011 size-thumbnail alignleft\" src=\"data:image\/gif,GIF89a%01%00%01%00%80%00%00%00%00%00%FF%FF%FF%21%F9%04%01%00%00%00%00%2C%00%00%00%00%01%00%01%00%00%02%01D%00%3B\" data-layzr=\"http:\/\/www.dmy.info\/wp-content\/uploads\/2013\/07\/dmg-gunes-logo2-150x150.jpg\" alt=\"DMY.info logo\" width=\"150\" height=\"150\" \/><\/a> <a href=\"http:\/\/www.dmy.info\/wp-content\/uploads\/2013\/07\/tedrisatminyatur.jpg\"><img decoding=\"async\"  class=\"alignright wp-image-9952 size-thumbnail\" src=\"data:image\/gif,GIF89a%01%00%01%00%80%00%00%00%00%00%FF%FF%FF%21%F9%04%01%00%00%00%00%2C%00%00%00%00%01%00%01%00%00%02%01D%00%3B\" data-layzr=\"http:\/\/www.dmy.info\/wp-content\/uploads\/2013\/07\/tedrisatminyatur-150x129.jpg\" alt=\"Do\u011fuhan Murat Y\u00fccel education\" width=\"150\" height=\"129\" \/><\/a>Education<\/h3>\n<ul>\n<li>Bachelor\u2019s: Literature, Philosophy, Public Administration; Master\u2019s: Philosophy (Natural Law in Vattel\u2019s *Law of Nations*), Literature (The Problem of Language in Philosophical Terms and an Analysis of Turkish Examples) Ph.D. candidate: Istanbul \u2013 Philosophy (Philosophy in the Modernization Era)<\/li>\n<\/ul>\n<h3>Publications<\/h3>\n<ul>\n<li>Article: <a href=\"http:\/\/dergipark.gov.tr\/kusbd\/issue\/25163\/265835\" target=\"_blank\" rel=\"noopener noreferrer\">Virtual Reality as a Different Crime Scene,<\/a> KUSBD, 6 (2), July 2016, pp. 407\u2013421.<\/li>\n<li>Article: <a href=\"https:\/\/www.academia.edu\/30686592\/Hukuk_ile_Sava%C5%9F_Aras%C4%B1nda_Hobbes_Rousseau_Vattel_ve_Clausewitz\" target=\"_blank\" rel=\"noopener noreferrer\">Between Law and War: Hobbes, Rousseau, Vattel and Clausewitz,<\/a> FLSF Journal, Autumn 2016, No.22, pp. 41\u201359.<\/li>\n<li>Article: <a href=\"http:\/\/www.kafkas.edu.tr\/dosyalar\/sobedergi\/file\/19%20Son\/12.pdf\" target=\"_blank\" rel=\"noopener noreferrer\">An Analysis of the Concept of Liberty in the Late Ottoman Thought,<\/a> Kafkas University Journal of the Institute of Social Sciences, No.19, June 2017, pp.179\u2013188.<\/li>\n<li>Article: <a href=\"http:\/\/www.ethosfelsefe.com\/tr\/node\/169\" target=\"_blank\" rel=\"noopener noreferrer\">The Legal Analysis of Universality in Kant\u2019s Metaphysics of Morals,<\/a> ETHOS: Dialogues in Philosophy and Social Sciences, No.11, January 2018, pp.23\u201339.<\/li>\n<li>Book review: <a href=\"http:\/\/www.dmy.info\/wp-content\/uploads\/2018\/03\/DMYUCEL-DIJITAL-CAGDABILGI.pdf\" target=\"_blank\" rel=\"noopener noreferrer\">Being an Authority of Knowledge in the Digital Age,<\/a> Ebabil, June 2017, pp.54\u201355.<\/li>\n<li>Book review: <a href=\"http:\/\/dergipark.gov.tr\/download\/article-file\/418445\" target=\"_blank\" rel=\"noopener noreferrer\">Myths of the Archaic State,<\/a> Journal of History and Chronicle, Winter 2018, pp.235\u2013240.<\/li>\n<li>Book review: <a href=\"https:\/\/www.dmy.info\/wp-content\/uploads\/2018\/11\/DMYUCEL-\u0130slam-Bilim-Tarihi-Sohbetleri-Ebabil-11-2018.pdf\">Conversations on the History of Islamic Science,<\/a> Ebabil, November 2018, p.70.<\/li>\n<li>Book review: <a href=\"https:\/\/www.dmy.info\/wp-content\/uploads\/2020\/02\/incognito.pdf\">Incognito \u2013 The Secret Lives of the Brain<\/a>, Ya-Da MEB Current Education Journal, November 2019, pp.87\u201388.<\/li>\n<li>Portrait: <a href=\"http:\/\/www.dmy.info\/wp-content\/uploads\/2018\/03\/DMYUCEL-TURGUTCANSEVER.pdf\" target=\"_blank\" rel=\"noopener noreferrer\">The Wise Architect Turgut Cansever,<\/a> Ebabil Magazine, Spring 2018, pp.92\u201395.<\/li>\n<li>Portrait: <a href=\"https:\/\/www.dmy.info\/wp-content\/uploads\/2018\/11\/DMYUCEL-\u0130slam-Bilim-Tarih\u00e7ili\u011finin-Kalbi-Fuat-Sezgin-Ebabil-11-2018.pdf\">The Heart of Islamic Science Historiography: Fuat Sezgin,<\/a> Ebabil, November 2018, pp.66\u201369.<\/li>\n<li>Essay: A Little Effort, A Generation, Pendik Education Journal, May 2017, pp.35\u201336.<\/li>\n<li><a href=\"https:\/\/www.otuken.com.tr\/milli-mecmua-sayi-23-kasim-aralik-2021\">Our First Translation of the Philosophy of Law and the Hasty Modernization<\/a>, Milli Mecmua, November 2021.<\/li>\n<li><a href=\"http:\/\/www.dmy.info\/wp-content\/uploads\/2013\/07\/nesriyat-minyatur.jpg\"><img decoding=\"async\"  class=\"alignright wp-image-9953 size-thumbnail\" src=\"data:image\/gif,GIF89a%01%00%01%00%80%00%00%00%00%00%FF%FF%FF%21%F9%04%01%00%00%00%00%2C%00%00%00%00%01%00%01%00%00%02%01D%00%3B\" data-layzr=\"http:\/\/www.dmy.info\/wp-content\/uploads\/2013\/07\/nesriyat-minyatur-150x119.jpg\" alt=\"Blessed be the good ending of those who pray\" width=\"150\" height=\"119\" \/><\/a>Book: *The Side of Life that is Me* (2013) ISBN: 9781495249082<\/li>\n<li><a href=\"https:\/\/play.google.com\/store\/search?q=Do\u011fuhan Murat Y\u00fccel\" rel=\"attachment wp-att-328\"><img decoding=\"async\"  class=\" wp-image-328\" src=\"data:image\/gif,GIF89a%01%00%01%00%80%00%00%00%00%00%FF%FF%FF%21%F9%04%01%00%00%00%00%2C%00%00%00%00%01%00%01%00%00%02%01D%00%3B\" data-layzr=\"http:\/\/www.dmy.info\/wp-content\/uploads\/2013\/08\/Google_wordmark.svg_-150x53.png\" alt=\"google history (logo)\" width=\"122\" height=\"43\" \/><\/a><a href=\"https:\/\/play.google.com\/store\/search?q=Do%C4%9Fuhan+Murat+Y%C3%BCcel&amp;c=books\"><strong>You can read it on Play<\/strong>.<\/a><\/li>\n<li>Book: *The Meaning of Meaning* (2014) ISBN: 9781518777899<\/li>\n<li>Book: *The Disappearance of Society* (2015) ISBN: 9781518775314<\/li>\n<li>Book: *The Further Elevation of the Arrow Cast from Eternity \u2013 Education* (2024) GKEY: GUBNP6NCWB2<\/li>\n<\/ul>\n<h3>Presentations<\/h3>\n<ul>\n<li>Types of Violence \u2013 A Different Crime Scene: Virtual Reality, Symposium of Young Jurists on the Effects of Violence on Victims\u2019 Lives, November 2015, Anadolu University Faculty of Law \u2013 Eski\u015fehir.<\/li>\n<li><a href=\"http:\/\/www.dmy.info\/wp-content\/uploads\/2018\/04\/DMYUCEL-oyunlastirma-imkanlari.pdf\">Gamification Opportunities in EBA and E-School,<\/a> Ministry of National Education FAT\u0130H Project Educational Technologies Summit, November 2017, Ankara.<\/li>\n<li>The Emphasis on Natural Law During the Modernization Period and the Publication of *Hukuk-\u0131 Nas*, Turkish Graduate Studies Congress, Mehmet Akif Ersoy University, May 2018, Burdur.<\/li>\n<li>\u201cOttoman Culture as a Motivation Element in Teaching Turkish\u201d 7th International Congress of Teaching Turkish as a Foreign Language (ICOTFL-2021), 10 September 2021.<\/li>\n<\/ul>\n<div>\n<h3>Follow<\/h3>\n<ul>\n<li><iframe style=\"border: none; overflow: hidden;\" src=\"https:\/\/www.facebook.com\/plugins\/page.php?href=https%3A%2F%2Fwww.facebook.com%2Fdmyfelsefe%2F&amp;tabs&amp;width=400&amp;height=70&amp;small_header=true&amp;adapt_container_width=true&amp;hide_cover=false&amp;show_facepile=false&amp;appId=495425150540595\" width=\"400\" height=\"70\" frameborder=\"0\" scrolling=\"no\"><\/iframe><\/li>\n<li><iframe src=\"https:\/\/www.facebook.com\/plugins\/follow.php?href=https%3A%2F%2Fwww.facebook.com%2Fdmy.info&amp;width=300&amp;height=35&amp;layout=standard&amp;size=large&amp;show_faces=false&amp;appId=495425150540595\" width=\"300\" height=\"35\" frameborder=\"0\" scrolling=\"no\" data-mce-fragment=\"1\"><\/iframe><\/li>\n<li><a href=\"http:\/\/www.dmy.info\/wp-content\/uploads\/2013\/07\/takipminyatur.jpg\"><img decoding=\"async\"  class=\"alignright wp-image-9954 size-thumbnail\" src=\"data:image\/gif,GIF89a%01%00%01%00%80%00%00%00%00%00%FF%FF%FF%21%F9%04%01%00%00%00%00%2C%00%00%00%00%01%00%01%00%00%02%01D%00%3B\" data-layzr=\"http:\/\/www.dmy.info\/wp-content\/uploads\/2013\/07\/takipminyatur-150x89.jpg\" alt=\"Do\u011fuhan Murat Y\u00fccel social media\" width=\"150\" height=\"89\" \/><\/a><a class=\"twitter-follow-button\" href=\"https:\/\/twitter.com\/felsefesitesi\" data-size=\"large\" data-show-count=\"false\">Follow @felsefesitesi<\/a><script async=\"\" src=\"\/\/platform.twitter.com\/widgets.js\" charset=\"utf-8\"><\/script><\/li>\n<li><a class=\"twitter-follow-button\" href=\"https:\/\/twitter.com\/dmy_info\" data-size=\"large\" data-show-count=\"false\">Follow @dmy_info<\/a><script async=\"\" src=\"\/\/platform.twitter.com\/widgets.js\" charset=\"utf-8\"><\/script><\/li>\n<li><iframe class=\"btn\" src=\"https:\/\/platform.tumblr.com\/v2\/follow_button.html?type=follow-blog&amp;tumblelog=felsefesitesi&amp;color=black\" width=\"200\" height=\"20\" frameborder=\"0\" scrolling=\"no\" data-mce-fragment=\"1\"><\/iframe><\/li>\n<li>Artificial intelligence models are used in content creation.<\/li>\n<li>For any questions regarding the content, you can use the <a href=\"http:\/\/www.dmy.info\/iletisim\/\">contact<\/a> page. The form on the right allows you to receive notifications about new posts.<\/li>\n<li><img decoding=\"async\"  class=\"size-full wp-image-4912 alignleft\" src=\"data:image\/gif,GIF89a%01%00%01%00%80%00%00%00%00%00%FF%FF%FF%21%F9%04%01%00%00%00%00%2C%00%00%00%00%01%00%01%00%00%02%01D%00%3B\" data-layzr=\"http:\/\/www.dmy.info\/wp-content\/uploads\/2013\/07\/88x31.png\" alt=\"about\" width=\"88\" height=\"31\" \/>We encourage you to share articles by citing the source.<\/li>\n<\/ul>\n<p>Receive new posts via email: <\/p>\n<\/div>\n","protected":false},"excerpt":{"rendered":"<p>Do\u011fuhan Murat Y\u00fccel, student and teacher. A life dedicated to understanding and explaining. Education Bachelor\u2019s: Literature, Philosophy, Public Administration; Master\u2019s: Philosophy (Natural Law in Vattel\u2019s *Law of Nations*), Literature (The Problem of Language in Philosophical Terms and an Analysis of Turkish Examples) Ph.D. candidate: Istanbul \u2013 Philosophy (Philosophy in the Modernization Era) Publications Article: Virtual Reality as a Different Crime Scene, KUSBD, 6 (2), July 2016, pp. 407\u2013421. Article: Between Law and War: Hobbes, Rousseau, Vattel and Clausewitz, FLSF Journal, Autumn 2016, No.22, pp. 41\u201359. Article: An Analysis of the Concept of Liberty in the Late Ottoman Thought, Kafkas University <\/p>\n","protected":false},"author":10,"featured_media":0,"parent":0,"menu_order":0,"comment_status":"closed","ping_status":"closed","template":"","meta":{"footnotes":""},"class_list":["post-605","page","type-page","status-publish","hentry"],"yoast_head":"<!-- This site is optimized with the Yoast SEO plugin v27.3 - https:\/\/yoast.com\/product\/yoast-seo-wordpress\/ -->\n<title>About dmy - DMY Philosophy<\/title>\n<meta name=\"robots\" content=\"index, follow, max-snippet:-1, max-image-preview:large, max-video-preview:-1\" \/>\n<link rel=\"canonical\" href=\"https:\/\/www.dmy.info\/en\/about-dmy\/\" \/>\n<meta property=\"og:locale\" content=\"en_US\" \/>\n<meta property=\"og:type\" content=\"article\" \/>\n<meta property=\"og:title\" content=\"About dmy - DMY Philosophy\" \/>\n<meta property=\"og:description\" content=\"Do\u011fuhan Murat Y\u00fccel, student and teacher. A life dedicated to understanding and explaining. Education Bachelor\u2019s: Literature, Philosophy, Public Administration; Master\u2019s: Philosophy (Natural Law in Vattel\u2019s *Law of Nations*), Literature (The Problem of Language in Philosophical Terms and an Analysis of Turkish Examples) Ph.D. candidate: Istanbul \u2013 Philosophy (Philosophy in the Modernization Era) Publications Article: Virtual Reality as a Different Crime Scene, KUSBD, 6 (2), July 2016, pp. 407\u2013421. Article: Between Law and War: Hobbes, Rousseau, Vattel and Clausewitz, FLSF Journal, Autumn 2016, No.22, pp. 41\u201359. Article: An Analysis of the Concept of Liberty in the Late Ottoman Thought, Kafkas University\" \/>\n<meta property=\"og:url\" content=\"https:\/\/www.dmy.info\/en\/about-dmy\/\" \/>\n<meta property=\"og:site_name\" content=\"DMY Philosophy\" \/>\n<meta property=\"article:modified_time\" content=\"2025-10-06T07:43:12+00:00\" \/>\n<meta property=\"og:image\" content=\"http:\/\/www.dmy.info\/wp-content\/uploads\/2013\/07\/dmg-gunes-logo2-150x150.jpg\" \/>\n<meta name=\"twitter:card\" content=\"summary_large_image\" \/>\n<meta name=\"twitter:label1\" content=\"Est. reading time\" \/>\n\t<meta name=\"twitter:data1\" content=\"2 minutes\" \/>\n<script type=\"application\/ld+json\" class=\"yoast-schema-graph\">{\"@context\":\"https:\\\/\\\/schema.org\",\"@graph\":[{\"@type\":\"WebPage\",\"@id\":\"https:\\\/\\\/www.dmy.info\\\/en\\\/about-dmy\\\/\",\"url\":\"https:\\\/\\\/www.dmy.info\\\/en\\\/about-dmy\\\/\",\"name\":\"About dmy - DMY Philosophy\",\"isPartOf\":{\"@id\":\"https:\\\/\\\/www.dmy.info\\\/en\\\/#website\"},\"primaryImageOfPage\":{\"@id\":\"https:\\\/\\\/www.dmy.info\\\/en\\\/about-dmy\\\/#primaryimage\"},\"image\":{\"@id\":\"https:\\\/\\\/www.dmy.info\\\/en\\\/about-dmy\\\/#primaryimage\"},\"thumbnailUrl\":\"http:\\\/\\\/www.dmy.info\\\/wp-content\\\/uploads\\\/2013\\\/07\\\/dmg-gunes-logo2-150x150.jpg\",\"datePublished\":\"2025-10-06T07:43:11+00:00\",\"dateModified\":\"2025-10-06T07:43:12+00:00\",\"breadcrumb\":{\"@id\":\"https:\\\/\\\/www.dmy.info\\\/en\\\/about-dmy\\\/#breadcrumb\"},\"inLanguage\":\"en-US\",\"potentialAction\":[{\"@type\":\"ReadAction\",\"target\":[\"https:\\\/\\\/www.dmy.info\\\/en\\\/about-dmy\\\/\"]}]},{\"@type\":\"ImageObject\",\"inLanguage\":\"en-US\",\"@id\":\"https:\\\/\\\/www.dmy.info\\\/en\\\/about-dmy\\\/#primaryimage\",\"url\":\"http:\\\/\\\/www.dmy.info\\\/wp-content\\\/uploads\\\/2013\\\/07\\\/dmg-gunes-logo2-150x150.jpg\",\"contentUrl\":\"http:\\\/\\\/www.dmy.info\\\/wp-content\\\/uploads\\\/2013\\\/07\\\/dmg-gunes-logo2-150x150.jpg\"},{\"@type\":\"BreadcrumbList\",\"@id\":\"https:\\\/\\\/www.dmy.info\\\/en\\\/about-dmy\\\/#breadcrumb\",\"itemListElement\":[{\"@type\":\"ListItem\",\"position\":1,\"name\":\"Home\",\"item\":\"https:\\\/\\\/www.dmy.info\\\/en\\\/\"},{\"@type\":\"ListItem\",\"position\":2,\"name\":\"About dmy\"}]},{\"@type\":\"WebSite\",\"@id\":\"https:\\\/\\\/www.dmy.info\\\/en\\\/#website\",\"url\":\"https:\\\/\\\/www.dmy.info\\\/en\\\/\",\"name\":\"DMY Philosophy\",\"description\":\"Essays on philosophy, philosophers, science, thinking\",\"potentialAction\":[{\"@type\":\"SearchAction\",\"target\":{\"@type\":\"EntryPoint\",\"urlTemplate\":\"https:\\\/\\\/www.dmy.info\\\/en\\\/?s={search_term_string}\"},\"query-input\":{\"@type\":\"PropertyValueSpecification\",\"valueRequired\":true,\"valueName\":\"search_term_string\"}}],\"inLanguage\":\"en-US\"}]}<\/script>\n<!-- \/ Yoast SEO plugin. -->","yoast_head_json":{"title":"About dmy - DMY Philosophy","robots":{"index":"index","follow":"follow","max-snippet":"max-snippet:-1","max-image-preview":"max-image-preview:large","max-video-preview":"max-video-preview:-1"},"canonical":"https:\/\/www.dmy.info\/en\/about-dmy\/","og_locale":"en_US","og_type":"article","og_title":"About dmy - DMY Philosophy","og_description":"Do\u011fuhan Murat Y\u00fccel, student and teacher. A life dedicated to understanding and explaining. Education Bachelor\u2019s: Literature, Philosophy, Public Administration; Master\u2019s: Philosophy (Natural Law in Vattel\u2019s *Law of Nations*), Literature (The Problem of Language in Philosophical Terms and an Analysis of Turkish Examples) Ph.D. candidate: Istanbul \u2013 Philosophy (Philosophy in the Modernization Era) Publications Article: Virtual Reality as a Different Crime Scene, KUSBD, 6 (2), July 2016, pp. 407\u2013421. Article: Between Law and War: Hobbes, Rousseau, Vattel and Clausewitz, FLSF Journal, Autumn 2016, No.22, pp. 41\u201359. Article: An Analysis of the Concept of Liberty in the Late Ottoman Thought, Kafkas University","og_url":"https:\/\/www.dmy.info\/en\/about-dmy\/","og_site_name":"DMY Philosophy","article_modified_time":"2025-10-06T07:43:12+00:00","og_image":[{"url":"http:\/\/www.dmy.info\/wp-content\/uploads\/2013\/07\/dmg-gunes-logo2-150x150.jpg","type":"","width":"","height":""}],"twitter_card":"summary_large_image","twitter_misc":{"Est. reading time":"2 minutes"},"schema":{"@context":"https:\/\/schema.org","@graph":[{"@type":"WebPage","@id":"https:\/\/www.dmy.info\/en\/about-dmy\/","url":"https:\/\/www.dmy.info\/en\/about-dmy\/","name":"About dmy - DMY Philosophy","isPartOf":{"@id":"https:\/\/www.dmy.info\/en\/#website"},"primaryImageOfPage":{"@id":"https:\/\/www.dmy.info\/en\/about-dmy\/#primaryimage"},"image":{"@id":"https:\/\/www.dmy.info\/en\/about-dmy\/#primaryimage"},"thumbnailUrl":"http:\/\/www.dmy.info\/wp-content\/uploads\/2013\/07\/dmg-gunes-logo2-150x150.jpg","datePublished":"2025-10-06T07:43:11+00:00","dateModified":"2025-10-06T07:43:12+00:00","breadcrumb":{"@id":"https:\/\/www.dmy.info\/en\/about-dmy\/#breadcrumb"},"inLanguage":"en-US","potentialAction":[{"@type":"ReadAction","target":["https:\/\/www.dmy.info\/en\/about-dmy\/"]}]},{"@type":"ImageObject","inLanguage":"en-US","@id":"https:\/\/www.dmy.info\/en\/about-dmy\/#primaryimage","url":"http:\/\/www.dmy.info\/wp-content\/uploads\/2013\/07\/dmg-gunes-logo2-150x150.jpg","contentUrl":"http:\/\/www.dmy.info\/wp-content\/uploads\/2013\/07\/dmg-gunes-logo2-150x150.jpg"},{"@type":"BreadcrumbList","@id":"https:\/\/www.dmy.info\/en\/about-dmy\/#breadcrumb","itemListElement":[{"@type":"ListItem","position":1,"name":"Home","item":"https:\/\/www.dmy.info\/en\/"},{"@type":"ListItem","position":2,"name":"About dmy"}]},{"@type":"WebSite","@id":"https:\/\/www.dmy.info\/en\/#website","url":"https:\/\/www.dmy.info\/en\/","name":"DMY Philosophy","description":"Essays on philosophy, philosophers, science, thinking","potentialAction":[{"@type":"SearchAction","target":{"@type":"EntryPoint","urlTemplate":"https:\/\/www.dmy.info\/en\/?s={search_term_string}"},"query-input":{"@type":"PropertyValueSpecification","valueRequired":true,"valueName":"search_term_string"}}],"inLanguage":"en-US"}]}},"_links":{"self":[{"href":"https:\/\/www.dmy.info\/en\/wp-json\/wp\/v2\/pages\/605","targetHints":{"allow":["GET"]}}],"collection":[{"href":"https:\/\/www.dmy.info\/en\/wp-json\/wp\/v2\/pages"}],"about":[{"href":"https:\/\/www.dmy.info\/en\/wp-json\/wp\/v2\/types\/page"}],"author":[{"embeddable":true,"href":"https:\/\/www.dmy.info\/en\/wp-json\/wp\/v2\/users\/10"}],"replies":[{"embeddable":true,"href":"https:\/\/www.dmy.info\/en\/wp-json\/wp\/v2\/comments?post=605"}],"version-history":[{"count":2,"href":"https:\/\/www.dmy.info\/en\/wp-json\/wp\/v2\/pages\/605\/revisions"}],"predecessor-version":[{"id":1260,"href":"https:\/\/www.dmy.info\/en\/wp-json\/wp\/v2\/pages\/605\/revisions\/1260"}],"wp:attachment":[{"href":"https:\/\/www.dmy.info\/en\/wp-json\/wp\/v2\/media?parent=605"}],"curies":[{"name":"wp","href":"https:\/\/api.w.org\/{rel}","templated":true}]}}